{"id":7575,"date":"2025-09-18T13:59:20","date_gmt":"2025-09-18T20:59:20","guid":{"rendered":"https:\/\/wp.ranchsystems.com\/home\/?page_id=7575"},"modified":"2025-10-22T11:16:53","modified_gmt":"2025-10-22T18:16:53","slug":"find-a-reseller","status":"publish","type":"page","link":"https:\/\/www.ranchsystems.com\/home\/find-a-reseller\/","title":{"rendered":"Find a Reseller"},"content":{"rendered":"\n<h1 class=\"wp-block-heading\">Headquarter Offices<\/h1>\n\n\n\n<figure class=\"wp-block-table has-small-font-size\"><table class=\"has-fixed-layout\"><tbody><tr><td class=\"has-text-align-center\" data-align=\"center\"><a href=\"http:\/\/www.ranchsystems.com\/home\/\" target=\"_blank\" rel=\"noreferrer noopener\">Ranch Systems, Inc.<\/a><br>865 Sweetser Ave<br>Novato, CA 94945<br><br><br><em>Corporate Headquarters<br>North America Sales &amp; Marketing<br>All areas not covered by Regional Offices<\/em><br><br><br>Hylon Kaufmann<br><a href=\"tel:1-415-884-2770\">1-415-884-2770<\/a><br><a href=\"tel:1-877-399-2770\">Toll Free: 1-877-399-2770<\/a><\/td><td class=\"has-text-align-center\" data-align=\"center\"><a href=\"https:\/\/ranchsystems.es\/\" target=\"_blank\" rel=\"noreferrer noopener\">Ranch Systems Iberica S.L.U.<\/a><br>Pol\u00edgono la Dehesa Boyal<br>Calle Bodega Teba 24<br>21700 La Palma del Condado<br><br><br><em>Europe<br>Middle East<\/em><br><br><br>Thomas Christfort<br>tchristfort@ranchsystems.es<br><a href=\"https:\/\/www.ranchsystems.com\/home\/find-a-reseller\/+34%20653%20401%20895\">Tel\u00e9fono: +34 653 401 895<\/a><\/td><td class=\"has-text-align-center\" data-align=\"center\"><a href=\"https:\/\/www.eem.com.au\/\" target=\"_blank\" rel=\"noreferrer noopener\">E. E. Muir and Sons Pty Ltd<\/a><br>107 River Road<br>Kingaroy, Queensland 4610<br><br><br><br><em>Australia<br>New Zealand<\/em><br><br><br><br>Neil Mungall<br><a href=\"tel:+61 408 855 402\">Phone: +61 408 855 402<\/a><\/td><\/tr><\/tbody><\/table><\/figure>\n\n\n\n<h1 class=\"wp-block-heading\">United States and Territories<\/h1>\n\n\n\n<figure class=\"wp-block-table is-style-regular has-small-font-size\" style=\"font-style:normal;font-weight:500\"><table class=\"has-fixed-layout\"><tbody><tr><td class=\"has-text-align-center\" data-align=\"center\"><a href=\"https:\/\/helenaagri.com\/\" target=\"_blank\" rel=\"noreferrer noopener\">Helena Agri-Enterprises, LLC<\/a><br>7576 N Ingram Ave, Suite 101<br>Fresno, CA 93711<br><br><br>Christina White<br><a href=\"tel:(209)-383-3066\">(209) 383-3066 ext. 2<\/a><\/td><td class=\"has-text-align-center\" data-align=\"center\"><a href=\"http:\/\/www.advancedvit.com\/\" target=\"_blank\" rel=\"noreferrer noopener\">Advanced Viticulture, Inc.<\/a><br>930 Shiloh Road<br>Windsor, CA 95492<br><br><br>Mark Greenspan<br><a href=\"tel:707-838-3805\">(707) 838-3805<\/a><\/td><td class=\"has-text-align-center\" data-align=\"center\"><a href=\"https:\/\/www.coastalvit.com\/\" target=\"_blank\" rel=\"noreferrer noopener\">Coastal Viticultural Consultants<\/a><br>1575 Deer Park Road<br>Angwin, CA 94508<br><br><br>Bryan Rahn<br><a href=\"tel:(707) 965-3700\">(707) 965-3700<\/a><\/td><\/tr><tr><td class=\"has-text-align-center\" data-align=\"center\"><a href=\"https:\/\/triestag.com\/\">TriEst Irrigation<\/a><br>230 Cross Street<br>Darlington, SC<br><br><br>Kevin Bryan<br><a href=\"tel:(813) 267-3208\">(813) 267-3208<\/a><\/td><td class=\"has-text-align-center\" data-align=\"center\"><a href=\"javascript:void(0);\" target=\"_blank\" rel=\"noreferrer noopener\">Island Resource Solutions LLC<\/a><br>2090 Hanalima Street Z102<br>Lihue, HI 96766<br><br><br>Troy Ragsdale<br><a href=\"tel:(808) 212-4293\">(808) 212-4293<\/a><\/td><td class=\"has-text-align-center\" data-align=\"center\"><a href=\"https:\/\/www.stearnsirrigationinc.com\/\" target=\"_blank\" rel=\"noreferrer noopener\">Stearns Irrigation, Inc.<\/a><br>42 Cranberry Highway<br>West Wareham, MA 02576<br><br><br>Joe Parr<br><a href=\"tel:(508) 295-2223\">Cell: (617) 480-8717<\/a><\/td><\/tr><tr><td class=\"has-text-align-center\" data-align=\"center\"><a href=\"http:\/\/techrain.com\/\" target=\"_blank\" rel=\"noreferrer noopener\">TechRain<\/a><br>2232 Zemke Rd<br>Talent, OR 97540<br><br><br>Monte Minchow<br><a href=\"tel:(541) 821-1504\">(541) 821-1504<\/a><\/td><td class=\"has-text-align-center\" data-align=\"center\"><a href=\"http:\/\/skoneirrigation.com\/\" target=\"_blank\" rel=\"noreferrer noopener\">Skone Irrigation<\/a><br>2051 West First Street<br>Warden, WA 98857<br><br><br>Erik Skone<br><a href=\"tel:(509) 349-7364\">(509) 349-7364<\/a><\/td><td class=\"has-text-align-center\" data-align=\"center\"><a href=\"https:\/\/www.robertsirrigation.com\/\" target=\"_blank\" rel=\"noreferrer noopener\">Roberts Irrigation, Inc.<\/a><br>1500 Post Road<br>Plover, WI 54467-0490<br><br><br>John Herman<br><a href=\"tel:(715)344-4747\">(715) 344-4747<\/a><\/td><\/tr><tr><td class=\"has-text-align-center\" data-align=\"center\"><a href=\"https:\/\/www.robertsirrigation.com\/\" target=\"_blank\" rel=\"noreferrer noopener\">Roberts Irrigation, Inc.<\/a><br>2022 W 22nd Ave<br>Bloomer, WI 54724<br><br><br>Barry Graham<br><a href=\"tel:(715) 296-4211\">(715) 296-4211<\/a><\/td><td class=\"has-text-align-center\" data-align=\"center\"><a href=\"http:\/\/www.mwivalley.com\/\" target=\"_blank\" rel=\"noreferrer noopener\">MWI, LLC<\/a><br>1215 Oregon St<br>Hiawatha, KS 66434<br><br><br>Keith Grimm<br><a href=\"tel:(785) 547-7556\">(785) 547-7556<\/a><\/td><td class=\"has-text-align-center\" data-align=\"center\"><a href=\"http:\/\/www.mwivalley.com\/\" target=\"_blank\" rel=\"noreferrer noopener\">MWI, LLC<\/a><br>NW Huxmann Road<br>Silver Lake, KS 66539<br><br><br>Darcy Nightingale<br><a href=\"tel:(785) 285-8065\">(785) 285-8065<\/a><\/td><\/tr><tr><td class=\"has-text-align-center\" data-align=\"center\"><a href=\"https:\/\/www.triestag.com\/\" target=\"_blank\" rel=\"noreferrer noopener\">TriEst Irrigation<\/a><br>8568 Hwy 84 W<br>Quitman, GA<br><br><br>Kevin Bryan<br><a href=\"tel:(813) 267-3208\">(813) 267-3208<\/a><\/td><td class=\"has-text-align-center\" data-align=\"center\"><a href=\"https:\/\/www.triestag.com\/\" target=\"_blank\" rel=\"noreferrer noopener\">TriEst Irrigation<\/a><br>1529 N Brevard Ave<br>Arcadia, FL<br><br><br>Kevin Bryan<br><a href=\"tel:(813) 267-3208\">(813) 267-3208<\/a><\/td><td class=\"has-text-align-center\" data-align=\"center\"><a href=\"https:\/\/www.triestag.com\/\" target=\"_blank\" rel=\"noreferrer noopener\">TriEst Irrigation<\/a><br>4310 National Guard Dr<br>Plant City, FL<br><br><br>Kevin Bryan<br><a href=\"tel:(813) 267-3208\">(813) 267-3208<\/a><\/td><\/tr><tr><td class=\"has-text-align-center\" data-align=\"center\"><a href=\"https:\/\/www.triestag.com\/\" target=\"_blank\" rel=\"noreferrer noopener\">TriEst Irrigation<\/a><br>7616 US-41 N<br>Palmetto, FL<br><br><br>Kevin Bryan<br><a href=\"tel:(813) 267-3208\">(813) 267-3208<\/a><\/td><td class=\"has-text-align-center\" data-align=\"center\"><a href=\"https:\/\/www.triestag.com\/\" target=\"_blank\" rel=\"noreferrer noopener\">TriEst Irrigation<\/a><br>1220 Commerce Dr<br>Labelle, FL<br><br><br>Kevin Bryan<br><a href=\"tel:(813) 267-3208\">(813) 267-3208<\/a><\/td><td class=\"has-text-align-center\" data-align=\"center\"><a href=\"https:\/\/www.triestag.com\/\" target=\"_blank\" rel=\"noreferrer noopener\">TriEst Irrigation<\/a><br>1103 US Hwy 82 E<br>Tifton, GA<br><br><br>Kevin Bryan<br><a href=\"tel:(813) 267-3208\">(813) 267-3208<\/a><\/td><\/tr><tr><td class=\"has-text-align-center\" data-align=\"center\"><a href=\"https:\/\/www.sprinklerworld.com\/\" target=\"_blank\" rel=\"noreferrer noopener\">Sprinkler World of Arizona, Inc.<\/a><br>2114 E. Indian School Road<br>Phoenix, AZ<br><br><br>Joe Dehn<br><a href=\"tel:(520) 888-9414\">(520) 888-9414<\/a><\/td><td class=\"has-text-align-center\" data-align=\"center\"><a href=\"https:\/\/www.sprinklerworld.com\/\" target=\"_blank\" rel=\"noreferrer noopener\">Sprinkler World of Arizona, Inc.<\/a><br>4727 E Bell Road Ste 38<br>Phoenix, AZ<br><br><br>Joe Dehn<br><a href=\"tel:(520) 888-9414\">(520) 888-9414<\/a><\/td><td class=\"has-text-align-center\" data-align=\"center\"><a href=\"https:\/\/www.sprinklerworld.com\/\" target=\"_blank\" rel=\"noreferrer noopener\">Sprinkler World of Arizona, Inc.<\/a><br>3164 S Country Club Dr<br>Mesa, AZ<br><br><br>Joe Dehn<br><a href=\"tel:(520) 888-9414\">(520) 888-9414<\/a><\/td><\/tr><tr><td class=\"has-text-align-center\" data-align=\"center\"><a href=\"https:\/\/www.sprinklerworld.com\/\" target=\"_blank\" rel=\"noreferrer noopener\">Sprinkler World of Arizona, Inc.<\/a><br>16700 N 51st Ave<br>Glendale, AZ<br><br><br>Joe Dehn<br><a href=\"tel:(520) 888-9414\">(520) 888-9414<\/a><\/td><td class=\"has-text-align-center\" data-align=\"center\"><a href=\"https:\/\/www.sprinklerworld.com\/\" target=\"_blank\" rel=\"noreferrer noopener\">Sprinkler World of Arizona, Inc.<\/a><br>1001 N Jackrabbit Trail<br>Buckeye, AZ<br><br><br>Joe Dehn<br><a href=\"tel:(520) 888-9414\">(520) 888-9414<\/a><\/td><td class=\"has-text-align-center\" data-align=\"center\"><a href=\"https:\/\/www.sprinklerworld.com\/\" target=\"_blank\" rel=\"noreferrer noopener\">Sprinkler World of Arizona, Inc.<\/a><br>225 E Fort Lowell<br>Tucson, AZ<br><br><br>Joe Dehn<br><a href=\"tel:(520) 888-9414\">(520) 888-9414<\/a><\/td><\/tr><tr><td class=\"has-text-align-center\" data-align=\"center\"><a href=\"https:\/\/www.sprinklerworld.com\/\" target=\"_blank\" rel=\"noreferrer noopener\">Sprinkler World of Arizona, Inc.<\/a><br>510 N Bisbee Ave<br>Willcox, AZ<br><br><br>Joe Dehn<br><a href=\"tel:(520) 888-9414\">(520) 888-9414<\/a><\/td><td class=\"has-text-align-center\" data-align=\"center\"><a href=\"https:\/\/www.sprinklerworld.com\/\" target=\"_blank\" rel=\"noreferrer noopener\">Sprinkler World of Arizona, Inc.<\/a><br>1925 W Rose Garden Lane<br>Phoenix, AZ<br><br><br>Joe Dehn<br><a href=\"tel:(520) 888-9414\">(520) 888-9414<\/a><\/td><td class=\"has-text-align-center\" data-align=\"center\"><a href=\"https:\/\/charleswharrisco.com\/\" target=\"_blank\" rel=\"noreferrer noopener\">Charles W Harris Co, Inc<\/a><br>288 Main St<br>Monson, MA 01057<br><br><br>Evan Cartabiano<br><a href=\"tel:(413) 668-7372\">(413) 668-7372<\/a><\/td><\/tr><tr><td class=\"has-text-align-center\" data-align=\"center\"><a href=\"https:\/\/www.cf-irrigation.com\/\" target=\"_blank\" rel=\"noreferrer noopener\">Green Valley Irrigation and Supply LLC<\/a><br>8888 S Elm Ave<br>Fresno, CA 93706<br><br><br>Greg Owens<br><a href=\"tel:(559) 709-2295\">Cell: (559) 709-2295<\/a><\/td><td class=\"has-text-align-center\" data-align=\"center\"><a href=\"https:\/\/www.topsoilagsolutions.com\/\" target=\"_blank\" rel=\"noreferrer noopener\">TopSoil Ag Solutions, Inc.<\/a><br>39771 Rd 28<br>Kingsburg, CA 93631<br><br><br>Matt Willems<br><a href=\"tel:(559) 393-2455\">Cell: (559) 393-2455<\/a><\/td><td class=\"has-text-align-center\" data-align=\"center\"><a href=\"http:\/\/www.grangeenterprises.com\/\" target=\"_blank\" rel=\"noreferrer noopener\">Grange Enterprises, LLC<\/a><br>12266 E Shields Ave<br>Sanger, CA 93657<br><br><br>Pat Biddy<br><a href=\"tel:(559) 708-3907\">Cell: (559) 708-3907<\/a><\/td><\/tr><tr><td class=\"has-text-align-center\" data-align=\"center\"><a href=\"https:\/\/www.acmdieselllc.com\/\" target=\"_blank\" rel=\"noreferrer noopener\">ACM Diesel, LLC<\/a><br>4530 County Road KK75<br>Fowler, CO 81039-9716<br><br><br>Alan Garrett<br><a href=\"tel:(719) 647-7465\">(719) 647-7465<\/a><\/td><td class=\"has-text-align-center\" data-align=\"center\"><\/td><td class=\"has-text-align-center\" data-align=\"center\"><\/td><\/tr><\/tbody><\/table><\/figure>\n\n\n\n<h1 class=\"wp-block-heading\">Canada<\/h1>\n\n\n\n<figure class=\"wp-block-table has-small-font-size\"><table class=\"has-fixed-layout\"><tbody><tr><td class=\"has-text-align-center\" data-align=\"center\"><a href=\"https:\/\/southernirrigation.com\/\" target=\"_blank\" rel=\"noreferrer noopener\">Southern Irrigation LP<\/a><br>5830 Sawmill Road \u2013 PO Box 399.<br>Oliver, BC V0H 1T0<br><br><br><br>German Barahona<br><a href=\"tel:(250) 485-0246\">(250) 485-0246<\/a><\/td><td class=\"has-text-align-center\" data-align=\"center\"><a href=\"https:\/\/southernirrigation.com\/\" target=\"_blank\" rel=\"noreferrer noopener\">Southern Irrigation LP<\/a><br>511 &#8211; 41st Street North<br>Lethbridge, AB T1H 7B6<br><br><br><br>Kees Van Beek<br><a href=\"tel:(403) 394-0042\">(403) 394-0042<\/a><\/td><td class=\"has-text-align-center\" data-align=\"center\"><a href=\"https:\/\/southernirrigation.com\/\" target=\"_blank\" rel=\"noreferrer noopener\">Southern Irrigation LP<\/a><br>44160 West Yale Road<br>Chilliwack, BC V2R 3Z9<br><br><br><br>Pieter Klop<br><a href=\"tel:(604) 792-0041\">(604) 792-0041<\/a><\/td><\/tr><\/tbody><\/table><\/figure>\n\n\n\n<h1 class=\"wp-block-heading\">Mexico<\/h1>\n\n\n\n<figure class=\"wp-block-table has-small-font-size\"><table class=\"has-fixed-layout\"><tbody><tr><td class=\"has-text-align-center\" data-align=\"center\"><a href=\"https:\/\/agrofacto.com\/\" target=\"_blank\" rel=\"noreferrer noopener\"><br>Agrofacto S.A de C.V.<\/a><br>Vi\u00f1edas Bibier 121 C.D.B. Vi\u00f1edos San Marcos<br>Jesus Maria, Aguascalientes 20908<br><br><br><br>Raul Bribiesca<br><a href=\"tel:449 352 1791\">Cel: 449 352 1791<\/a><\/td><\/tr><\/tbody><\/table><\/figure>\n\n\n\n<h1 class=\"wp-block-heading\">Central &amp; South America<\/h1>\n\n\n\n<figure class=\"wp-block-table has-small-font-size\"><table class=\"has-fixed-layout\"><tbody><tr><td class=\"has-text-align-center\" data-align=\"center\"><a href=\"https:\/\/grupoalcesas.com\/\" target=\"_blank\" rel=\"noreferrer noopener\">Grupo Alce SAS<\/a><br>Calle 33AA#80B-38<br>Medellin, Antioquia 050031<br><br><br><br><br><br>\u00c1lvaro Valencia R.<br><a href=\"tel:311 348 6056\">Cell: 311 348 6056<\/a><\/td><td class=\"has-text-align-center\" data-align=\"center\"><a href=\"https:\/\/tecnoindustry.com\/\" target=\"_blank\" rel=\"noreferrer noopener\">Tecnoindustry<\/a><br>Av Juan de Larrea y Pasaje San Mart\u00edn, Conjunto Montecarlo 8, casa 2. <br>Parroquia Tumbaco.<br>Quito, Pichincha 170903<br><br><br><br>Milton Erazo<br><a href=\"https:\/\/www.ranchsystems.com\/home\/find-a-reseller\/+593.991990305\">+593.991990305<\/a><\/td><td class=\"has-text-align-center\" data-align=\"center\"><a href=\"javascript:void(0);\" target=\"_blank\" rel=\"noreferrer noopener\">Asesor\u00eda Agr\u00edcola y Ambiental Americana, AAAA S.A.<\/a><br>Gu\u00e1piles Lim\u00f3n, 70201<br>Costa Rica<br><br><br><br><br>Natalia Alp\u00edzar<br><a href=\"https:\/\/www.ranchsystems.com\/home\/find-a-reseller\/(506)%208314-5860\">(506) 8314-5860<\/a><\/td><\/tr><\/tbody><\/table><\/figure>\n\n\n\n<h1 class=\"wp-block-heading\">Europe<\/h1>\n\n\n\n<figure class=\"wp-block-table has-small-font-size\"><table class=\"has-fixed-layout\"><tbody><tr><td class=\"has-text-align-center\" data-align=\"center\"><a href=\"http:\/\/www.cital.es\/\" target=\"_blank\" rel=\"noreferrer noopener\">Cital S.L.<\/a><br>Poligono Campollano &#8211; 3\u00aa Avenida, n\u00ba 27<br>02007 Albacete<br>Albacete, Espa\u00f1a<br><br><br><br>Blas Gonz\u00e1lez Caba\u00f1ero<br><a href=\"tel:+34 608 41 44 32\">+34 608 41 44 32<\/a><\/td><td class=\"has-text-align-center\" data-align=\"center\"><a href=\"https:\/\/asesoragricola.com\/\" target=\"_blank\" rel=\"noreferrer noopener\">Ferconsulting Agrotech SL<\/a><br>Puerta de la Villa s\/n<br>Calatorao, Zaragoza<br><br><br><br>Borja Lasheras Fondon<br>borja@asesoragricola.com<br><a href=\"https:\/\/www.ranchsystems.com\/home\/find-a-reseller\/+34%20622%2061%2080%2028\">+34 622 61 80 28<\/a><\/td><td class=\"has-text-align-center\" data-align=\"center\"><a href=\"https:\/\/www.spectrofly.dk\/\" target=\"_blank\" rel=\"noreferrer noopener\">SpectroFly ApS<\/a><br>Markstein 2<br>Faxe<br>4640<br><br><br>Robert N\u00f8debo Poulsen<br>ranchsytems@spectrofly.dk<br><a href=\"tel:+45 5010 0303\">+45 5010 0303<\/a><\/td><\/tr><\/tbody><\/table><\/figure>\n\n\n\n<h1 class=\"wp-block-heading\">Australia &amp; New Zealand<\/h1>\n\n\n\n<figure class=\"wp-block-table has-small-font-size\"><table class=\"has-fixed-layout\"><tbody><tr><td class=\"has-text-align-center\" data-align=\"center\"><a href=\"https:\/\/www.eem.com.au\/\" target=\"_blank\" rel=\"noreferrer noopener\">E. E. Muir and Sons Pty Ltd<\/a><br>107 River Road<br>Kingaroy, Queensland 4610<br><br><br><em>Australia<br>New Zealand<\/em><br><br><br>Neil Mungall<br><a href=\"tel:+61 408 855 402\">Phone: +61 408 855 402<\/a><\/td><\/tr><\/tbody><\/table><\/figure>\n\n\n\n<p><\/p>\n","protected":false},"excerpt":{"rendered":"<p>Headquarter Offices Ranch Systems, Inc.865 Sweetser AveNovato, CA 94945 Corporate HeadquartersNorth America Sales &amp; MarketingAll areas not covered by Regional Offices Hylon Kaufmann1-415-884-2770Toll Free: 1-877-399-2770 Ranch Systems Iberica S.L.U.Pol\u00edgono la [&hellip;]<\/p>\n","protected":false},"author":14,"featured_media":0,"parent":0,"menu_order":0,"comment_status":"closed","ping_status":"closed","template":"page_fullwidth.php","meta":{"footnotes":""},"class_list":["post-7575","page","type-page","status-publish","hentry"],"yoast_head":"<!-- This site is optimized with the Yoast SEO plugin v26.0 - https:\/\/yoast.com\/wordpress\/plugins\/seo\/ -->\n<title>Find a Reseller - Ranch Systems<\/title>\n<meta name=\"robots\" content=\"index, follow, max-snippet:-1, max-image-preview:large, max-video-preview:-1\" \/>\n<link rel=\"canonical\" href=\"https:\/\/www.ranchsystems.com\/home\/find-a-reseller\/\" \/>\n<meta property=\"og:locale\" content=\"en_US\" \/>\n<meta property=\"og:type\" content=\"article\" \/>\n<meta property=\"og:title\" content=\"Find a Reseller - Ranch Systems\" \/>\n<meta property=\"og:description\" content=\"Headquarter Offices Ranch Systems, Inc.865 Sweetser AveNovato, CA 94945 Corporate HeadquartersNorth America Sales &amp; MarketingAll areas not covered by Regional Offices Hylon Kaufmann1-415-884-2770Toll Free: 1-877-399-2770 Ranch Systems Iberica S.L.U.Pol\u00edgono la [&hellip;]\" \/>\n<meta property=\"og:url\" content=\"https:\/\/www.ranchsystems.com\/home\/find-a-reseller\/\" \/>\n<meta property=\"og:site_name\" content=\"Ranch Systems\" \/>\n<meta property=\"article:publisher\" content=\"https:\/\/www.facebook.com\/ranchsystems\/\" \/>\n<meta property=\"article:modified_time\" content=\"2025-10-22T18:16:53+00:00\" \/>\n<meta name=\"twitter:card\" content=\"summary_large_image\" \/>\n<meta name=\"twitter:label1\" content=\"Est. reading time\" \/>\n\t<meta name=\"twitter:data1\" content=\"4 minutes\" \/>\n<script type=\"application\/ld+json\" class=\"yoast-schema-graph\">{\"@context\":\"https:\/\/schema.org\",\"@graph\":[{\"@type\":\"WebPage\",\"@id\":\"https:\/\/www.ranchsystems.com\/home\/find-a-reseller\/\",\"url\":\"https:\/\/www.ranchsystems.com\/home\/find-a-reseller\/\",\"name\":\"Find a Reseller - Ranch Systems\",\"isPartOf\":{\"@id\":\"https:\/\/www.ranchsystems.com\/home\/#website\"},\"datePublished\":\"2025-09-18T20:59:20+00:00\",\"dateModified\":\"2025-10-22T18:16:53+00:00\",\"breadcrumb\":{\"@id\":\"https:\/\/www.ranchsystems.com\/home\/find-a-reseller\/#breadcrumb\"},\"inLanguage\":\"en-US\",\"potentialAction\":[{\"@type\":\"ReadAction\",\"target\":[\"https:\/\/www.ranchsystems.com\/home\/find-a-reseller\/\"]}]},{\"@type\":\"BreadcrumbList\",\"@id\":\"https:\/\/www.ranchsystems.com\/home\/find-a-reseller\/#breadcrumb\",\"itemListElement\":[{\"@type\":\"ListItem\",\"position\":1,\"name\":\"Home\",\"item\":\"https:\/\/www.ranchsystems.com\/home\/\"},{\"@type\":\"ListItem\",\"position\":2,\"name\":\"Find a Reseller\"}]},{\"@type\":\"WebSite\",\"@id\":\"https:\/\/www.ranchsystems.com\/home\/#website\",\"url\":\"https:\/\/www.ranchsystems.com\/home\/\",\"name\":\"Ranch Systems\",\"description\":\"Monitoring &amp; Control Solutions\",\"publisher\":{\"@id\":\"https:\/\/www.ranchsystems.com\/home\/#organization\"},\"potentialAction\":[{\"@type\":\"SearchAction\",\"target\":{\"@type\":\"EntryPoint\",\"urlTemplate\":\"https:\/\/www.ranchsystems.com\/home\/?s={search_term_string}\"},\"query-input\":{\"@type\":\"PropertyValueSpecification\",\"valueRequired\":true,\"valueName\":\"search_term_string\"}}],\"inLanguage\":\"en-US\"},{\"@type\":\"Organization\",\"@id\":\"https:\/\/www.ranchsystems.com\/home\/#organization\",\"name\":\"Ranch Systems, LLC\",\"url\":\"https:\/\/www.ranchsystems.com\/home\/\",\"logo\":{\"@type\":\"ImageObject\",\"inLanguage\":\"en-US\",\"@id\":\"https:\/\/www.ranchsystems.com\/home\/#\/schema\/logo\/image\/\",\"url\":\"https:\/\/wp.ranchsystems.com\/home\/wp-content\/uploads\/2018\/04\/RS-Logo-Web-2x.jpg\",\"contentUrl\":\"https:\/\/wp.ranchsystems.com\/home\/wp-content\/uploads\/2018\/04\/RS-Logo-Web-2x.jpg\",\"width\":1830,\"height\":688,\"caption\":\"Ranch Systems, LLC\"},\"image\":{\"@id\":\"https:\/\/www.ranchsystems.com\/home\/#\/schema\/logo\/image\/\"},\"sameAs\":[\"https:\/\/www.facebook.com\/ranchsystems\/\"]}]}<\/script>\n<!-- \/ Yoast SEO plugin. -->","yoast_head_json":{"title":"Find a Reseller - Ranch Systems","robots":{"index":"index","follow":"follow","max-snippet":"max-snippet:-1","max-image-preview":"max-image-preview:large","max-video-preview":"max-video-preview:-1"},"canonical":"https:\/\/www.ranchsystems.com\/home\/find-a-reseller\/","og_locale":"en_US","og_type":"article","og_title":"Find a Reseller - Ranch Systems","og_description":"Headquarter Offices Ranch Systems, Inc.865 Sweetser AveNovato, CA 94945 Corporate HeadquartersNorth America Sales &amp; MarketingAll areas not covered by Regional Offices Hylon Kaufmann1-415-884-2770Toll Free: 1-877-399-2770 Ranch Systems Iberica S.L.U.Pol\u00edgono la [&hellip;]","og_url":"https:\/\/www.ranchsystems.com\/home\/find-a-reseller\/","og_site_name":"Ranch Systems","article_publisher":"https:\/\/www.facebook.com\/ranchsystems\/","article_modified_time":"2025-10-22T18:16:53+00:00","twitter_card":"summary_large_image","twitter_misc":{"Est. reading time":"4 minutes"},"schema":{"@context":"https:\/\/schema.org","@graph":[{"@type":"WebPage","@id":"https:\/\/www.ranchsystems.com\/home\/find-a-reseller\/","url":"https:\/\/www.ranchsystems.com\/home\/find-a-reseller\/","name":"Find a Reseller - Ranch Systems","isPartOf":{"@id":"https:\/\/www.ranchsystems.com\/home\/#website"},"datePublished":"2025-09-18T20:59:20+00:00","dateModified":"2025-10-22T18:16:53+00:00","breadcrumb":{"@id":"https:\/\/www.ranchsystems.com\/home\/find-a-reseller\/#breadcrumb"},"inLanguage":"en-US","potentialAction":[{"@type":"ReadAction","target":["https:\/\/www.ranchsystems.com\/home\/find-a-reseller\/"]}]},{"@type":"BreadcrumbList","@id":"https:\/\/www.ranchsystems.com\/home\/find-a-reseller\/#breadcrumb","itemListElement":[{"@type":"ListItem","position":1,"name":"Home","item":"https:\/\/www.ranchsystems.com\/home\/"},{"@type":"ListItem","position":2,"name":"Find a Reseller"}]},{"@type":"WebSite","@id":"https:\/\/www.ranchsystems.com\/home\/#website","url":"https:\/\/www.ranchsystems.com\/home\/","name":"Ranch Systems","description":"Monitoring &amp; Control Solutions","publisher":{"@id":"https:\/\/www.ranchsystems.com\/home\/#organization"},"potentialAction":[{"@type":"SearchAction","target":{"@type":"EntryPoint","urlTemplate":"https:\/\/www.ranchsystems.com\/home\/?s={search_term_string}"},"query-input":{"@type":"PropertyValueSpecification","valueRequired":true,"valueName":"search_term_string"}}],"inLanguage":"en-US"},{"@type":"Organization","@id":"https:\/\/www.ranchsystems.com\/home\/#organization","name":"Ranch Systems, LLC","url":"https:\/\/www.ranchsystems.com\/home\/","logo":{"@type":"ImageObject","inLanguage":"en-US","@id":"https:\/\/www.ranchsystems.com\/home\/#\/schema\/logo\/image\/","url":"https:\/\/wp.ranchsystems.com\/home\/wp-content\/uploads\/2018\/04\/RS-Logo-Web-2x.jpg","contentUrl":"https:\/\/wp.ranchsystems.com\/home\/wp-content\/uploads\/2018\/04\/RS-Logo-Web-2x.jpg","width":1830,"height":688,"caption":"Ranch Systems, LLC"},"image":{"@id":"https:\/\/www.ranchsystems.com\/home\/#\/schema\/logo\/image\/"},"sameAs":["https:\/\/www.facebook.com\/ranchsystems\/"]}]}},"_links":{"self":[{"href":"https:\/\/www.ranchsystems.com\/home\/wp-json\/wp\/v2\/pages\/7575","targetHints":{"allow":["GET"]}}],"collection":[{"href":"https:\/\/www.ranchsystems.com\/home\/wp-json\/wp\/v2\/pages"}],"about":[{"href":"https:\/\/www.ranchsystems.com\/home\/wp-json\/wp\/v2\/types\/page"}],"author":[{"embeddable":true,"href":"https:\/\/www.ranchsystems.com\/home\/wp-json\/wp\/v2\/users\/14"}],"replies":[{"embeddable":true,"href":"https:\/\/www.ranchsystems.com\/home\/wp-json\/wp\/v2\/comments?post=7575"}],"version-history":[{"count":49,"href":"https:\/\/www.ranchsystems.com\/home\/wp-json\/wp\/v2\/pages\/7575\/revisions"}],"predecessor-version":[{"id":7684,"href":"https:\/\/www.ranchsystems.com\/home\/wp-json\/wp\/v2\/pages\/7575\/revisions\/7684"}],"wp:attachment":[{"href":"https:\/\/www.ranchsystems.com\/home\/wp-json\/wp\/v2\/media?parent=7575"}],"curies":[{"name":"wp","href":"https:\/\/api.w.org\/{rel}","templated":true}]}}